{"id":664,"date":"2024-01-26T10:53:02","date_gmt":"2024-01-26T10:53:02","guid":{"rendered":"https:\/\/italyfashiontrade.it\/?page_id=664"},"modified":"2024-02-26T08:43:21","modified_gmt":"2024-02-26T08:43:21","slug":"sportswear","status":"publish","type":"page","link":"https:\/\/italyfashiontrade.it\/it\/sportswear\/","title":{"rendered":"Sportswear"},"content":{"rendered":"\t\t<div data-elementor-type=\"wp-page\" data-elementor-id=\"664\" class=\"elementor elementor-664\" data-elementor-post-type=\"page\">\n\t\t\t\t<div class=\"elementor-element elementor-element-e0aa0ae e-flex e-con-boxed e-con e-parent\" data-id=\"e0aa0ae\" data-element_type=\"container\" data-settings=\"{&quot;background_background&quot;:&quot;classic&quot;}\">\n\t\t\t\t\t<div class=\"e-con-inner\">\n\t\t<div class=\"elementor-element elementor-element-a913103 e-flex e-con-boxed e-con e-child\" data-id=\"a913103\" data-element_type=\"container\">\n\t\t\t\t\t<div class=\"e-con-inner\">\n\t\t<div class=\"elementor-element elementor-element-1d41f6a e-con-full e-flex e-con e-child\" data-id=\"1d41f6a\" data-element_type=\"container\">\n\t\t\t\t<div class=\"elementor-element elementor-element-88d43e7 elementor-align-left elementor-mobile-align-left elementor-widget elementor-widget-button\" data-id=\"88d43e7\" data-element_type=\"widget\" data-widget_type=\"button.default\">\n\t\t\t\t<div class=\"elementor-widget-container\">\n\t\t\t\t\t\t\t\t\t<div class=\"elementor-button-wrapper\">\n\t\t\t\t\t<a class=\"elementor-button elementor-button-link elementor-size-sm elementor-animation-float\" href=\"\/\">\n\t\t\t\t\t\t<span class=\"elementor-button-content-wrapper\">\n\t\t\t\t\t\t<span class=\"elementor-button-icon\">\n\t\t\t\t<svg aria-hidden=\"true\" class=\"e-font-icon-svg e-fas-long-arrow-alt-left\" viewBox=\"0 0 448 512\" xmlns=\"http:\/\/www.w3.org\/2000\/svg\"><path d=\"M134.059 296H436c6.627 0 12-5.373 12-12v-56c0-6.627-5.373-12-12-12H134.059v-46.059c0-21.382-25.851-32.09-40.971-16.971L7.029 239.029c-9.373 9.373-9.373 24.569 0 33.941l86.059 86.059c15.119 15.119 40.971 4.411 40.971-16.971V296z\"><\/path><\/svg>\t\t\t<\/span>\n\t\t\t\t\t\t\t\t\t<span class=\"elementor-button-text\">TORNA ALLA HOME<\/span>\n\t\t\t\t\t<\/span>\n\t\t\t\t\t<\/a>\n\t\t\t\t<\/div>\n\t\t\t\t\t\t\t\t<\/div>\n\t\t\t\t<\/div>\n\t\t\t\t<\/div>\n\t\t<div class=\"elementor-element elementor-element-498e01b e-con-full e-flex e-con e-child\" data-id=\"498e01b\" data-element_type=\"container\">\n\t\t\t\t<div class=\"elementor-element elementor-element-0a41419 elementor-widget-divider--view-line elementor-widget elementor-widget-divider\" data-id=\"0a41419\" data-element_type=\"widget\" data-widget_type=\"divider.default\">\n\t\t\t\t<div class=\"elementor-widget-container\">\n\t\t\t\t\t\t\t<div class=\"elementor-divider\">\n\t\t\t<span class=\"elementor-divider-separator\">\n\t\t\t\t\t\t<\/span>\n\t\t<\/div>\n\t\t\t\t\t\t<\/div>\n\t\t\t\t<\/div>\n\t\t\t\t<div class=\"elementor-element elementor-element-6f32e65 elementor-invisible elementor-widget elementor-widget-heading\" data-id=\"6f32e65\" data-element_type=\"widget\" data-settings=\"{&quot;_animation&quot;:&quot;fadeInLeft&quot;,&quot;_animation_delay&quot;:300}\" data-widget_type=\"heading.default\">\n\t\t\t\t<div class=\"elementor-widget-container\">\n\t\t\t\t\t<h1 class=\"elementor-heading-title elementor-size-default\">SERVIZI<\/h1>\t\t\t\t<\/div>\n\t\t\t\t<\/div>\n\t\t\t\t<div class=\"elementor-element elementor-element-b2234ba elementor-invisible elementor-widget elementor-widget-heading\" data-id=\"b2234ba\" data-element_type=\"widget\" data-settings=\"{&quot;_animation&quot;:&quot;fadeInLeft&quot;,&quot;_animation_delay&quot;:500}\" data-widget_type=\"heading.default\">\n\t\t\t\t<div class=\"elementor-widget-container\">\n\t\t\t\t\t<h1 class=\"elementor-heading-title elementor-size-default\">SPORTSWEAR<\/h1>\t\t\t\t<\/div>\n\t\t\t\t<\/div>\n\t\t\t\t<\/div>\n\t\t\t\t\t<\/div>\n\t\t\t\t<\/div>\n\t\t\t\t\t<\/div>\n\t\t\t\t<\/div>\n\t\t<div class=\"elementor-element elementor-element-425b68e e-flex e-con-boxed e-con e-parent\" data-id=\"425b68e\" data-element_type=\"container\">\n\t\t\t\t\t<div class=\"e-con-inner\">\n\t\t<div class=\"elementor-element elementor-element-c34a6ec e-con-full e-flex e-con e-child\" data-id=\"c34a6ec\" data-element_type=\"container\">\n\t\t\t\t<div class=\"elementor-element elementor-element-e32f5ec elementor-invisible elementor-widget elementor-widget-text-editor\" data-id=\"e32f5ec\" data-element_type=\"widget\" data-settings=\"{&quot;_animation&quot;:&quot;fadeIn&quot;}\" data-widget_type=\"text-editor.default\">\n\t\t\t\t<div class=\"elementor-widget-container\">\n\t\t\t\t\t\t\t\t\t<p>Siamo lieti di essere il tuo partner ideale nella ricerca dei pi\u00f9 importanti marchi di sportswear mondiali. Il trend dello sportswear nell&#8217;abbigliamento \u00e8 in continua crescita e si prevede che continuer\u00e0 ad essere una tendenza dominante nei prossimi anni.<\/p>\n<p>Lo sportswear unisce stile e funzionalit\u00e0, offrendo capi comodi e versatili che possono essere indossati sia durante l&#8217;attivit\u00e0 sportiva che nella vita quotidiana. I marchi di sportswear pi\u00f9 importanti offrono una vasta gamma di prodotti, dai capi tecnici per l&#8217;allenamento agli abiti casual per il tempo libero.<\/p>\n<p>Siamo specializzati nella ricerca e nella distribuzione dei migliori marchi di sportswear, garantendo prodotti di alta qualit\u00e0 e autenticit\u00e0. Collaboriamo con brands rinomati che offrono design innovativi, materiali di alta qualit\u00e0 e prestazioni ottimali.<\/p>\n<p>La nostra esperienza nel settore ci consente di offrire una vasta selezione di capi sportivi per soddisfare le esigenze di ogni cliente. Siamo in grado di fornire consulenza personalizzata e assistenza durante tutto il processo di acquisto, aiutandoti a trovare i prodotti pi\u00f9 adatti alle tue esigenze e al tuo stile.<\/p>\n<p>Scegliendo Italy Fashion Trade come tuo partner, avrai accesso ai migliori marchi di sportswear e potrai essere sicuro di ricevere prodotti autentici e di alta qualit\u00e0. Siamo pronti a supportarti nella tua ricerca dei capi sportivi pi\u00f9 alla moda e funzionali, offrendoti un servizio affidabile e professionale.<\/p>\n<p>Non esitare a contattarci per ulteriori informazioni o per richiedere una consulenza personalizzata. Siamo qui per aiutarti a trovare i migliori marchi di sportswear e per farti vivere al meglio la tendenza dello sportswear nell&#8217;abbigliamento dei prossimi anni.<\/p>\t\t\t\t\t\t\t\t<\/div>\n\t\t\t\t<\/div>\n\t\t\t\t<\/div>\n\t\t<div class=\"elementor-element elementor-element-3af3e15 e-con-full e-flex e-con e-child\" data-id=\"3af3e15\" data-element_type=\"container\">\n\t\t\t\t<div class=\"elementor-element elementor-element-ea17eef elementor-widget elementor-widget-image\" data-id=\"ea17eef\" data-element_type=\"widget\" data-widget_type=\"image.default\">\n\t\t\t\t<div class=\"elementor-widget-container\">\n\t\t\t\t\t\t\t\t\t\t\t\t\t\t\t<img fetchpriority=\"high\" decoding=\"async\" width=\"1000\" height=\"1000\" src=\"https:\/\/italyfashiontrade.it\/wp-content\/uploads\/2024\/01\/clothes-hanger.png\" class=\"attachment-full size-full wp-image-566\" alt=\"\" srcset=\"https:\/\/italyfashiontrade.it\/wp-content\/uploads\/2024\/01\/clothes-hanger.png 1000w, https:\/\/italyfashiontrade.it\/wp-content\/uploads\/2024\/01\/clothes-hanger-300x300.png 300w, https:\/\/italyfashiontrade.it\/wp-content\/uploads\/2024\/01\/clothes-hanger-150x150.png 150w, https:\/\/italyfashiontrade.it\/wp-content\/uploads\/2024\/01\/clothes-hanger-768x768.png 768w\" sizes=\"(max-width: 1000px) 100vw, 1000px\" \/>\t\t\t\t\t\t\t\t\t\t\t\t\t\t\t<\/div>\n\t\t\t\t<\/div>\n\t\t\t\t<\/div>\n\t\t<div class=\"elementor-element elementor-element-0702ffa e-con-full e-flex e-con e-child\" data-id=\"0702ffa\" data-element_type=\"container\">\n\t\t\t\t<div class=\"elementor-element elementor-element-5193457 elementor-widget-divider--view-line elementor-widget elementor-widget-divider\" data-id=\"5193457\" data-element_type=\"widget\" data-widget_type=\"divider.default\">\n\t\t\t\t<div class=\"elementor-widget-container\">\n\t\t\t\t\t\t\t<div class=\"elementor-divider\">\n\t\t\t<span class=\"elementor-divider-separator\">\n\t\t\t\t\t\t<\/span>\n\t\t<\/div>\n\t\t\t\t\t\t<\/div>\n\t\t\t\t<\/div>\n\t\t\t\t<div class=\"elementor-element elementor-element-27ccb47 elementor-widget elementor-widget-heading\" data-id=\"27ccb47\" data-element_type=\"widget\" data-widget_type=\"heading.default\">\n\t\t\t\t<div class=\"elementor-widget-container\">\n\t\t\t\t\t<h2 class=\"elementor-heading-title elementor-size-default\">SPORTSWEAR \/ OUTDOOR<\/h2>\t\t\t\t<\/div>\n\t\t\t\t<\/div>\n\t\t<div class=\"elementor-element elementor-element-247db51 e-con-full e-flex e-con e-child\" data-id=\"247db51\" data-element_type=\"container\">\n\t\t<div class=\"elementor-element elementor-element-a959d04 e-con-full e-flex e-con e-child\" data-id=\"a959d04\" data-element_type=\"container\">\n\t\t\t\t<div class=\"elementor-element elementor-element-06ef4dd elementor-widget elementor-widget-text-editor\" data-id=\"06ef4dd\" data-element_type=\"widget\" data-widget_type=\"text-editor.default\">\n\t\t\t\t<div class=\"elementor-widget-container\">\n\t\t\t\t\t\t\t\t\t<div class=\"item\"><h2 id=\"K\">A<\/h2><ul><li>ADIDAS<\/li><li>ALTRA<\/li><li>ARENA<\/li><li class=\"elenco notranslate numberK\">ASICS<\/li><\/ul><\/div><div>\u00a0<\/div><div><div class=\"item\"><h2 id=\"M\">B<\/h2><ul><li>BIRKENSTOCK<\/li><\/ul><\/div><\/div><div>\u00a0<\/div><div><div class=\"item\"><h2 id=\"O\">C<\/h2><ul><li>CAMELBAK<\/li><li class=\"elenco notranslate numberO\">CAT<\/li><\/ul><\/div><\/div><div><div class=\"item\">\u00a0<\/div><\/div><div>\u00a0<\/div><div><div class=\"item\"><h2 id=\"R\">E<\/h2><ul><li class=\"elenco notranslate numberR\">EA7<\/li><li>ECCO<\/li><\/ul><\/div><\/div><div>\u00a0<\/div><div><div class=\"item\"><h2 id=\"T\">F<\/h2><ul><li class=\"elenco notranslate numberT\">FILA<\/li><li>FJALL RAVEN<\/li><\/ul><\/div><\/div><div>\u00a0<\/div><div><div class=\"item\"><h2 id=\"V\">G<\/h2><ul><li class=\"elenco notranslate numberV\">GARMONT<\/li><\/ul><\/div><\/div><div>\u00a0<\/div><div><h2 id=\"W\">H<\/h2><ul><li class=\"elenco notranslate numberW\">HOKA<\/li><\/ul><div>\u00a0<\/div><div class=\"item\"><h2 id=\"K\">I<\/h2><ul><li>ADIDAS<\/li><li class=\"elenco notranslate numberK\">ASICS<\/li><\/ul><div>\u00a0<\/div><h2 id=\"K\">K<\/h2><ul><li>KANGOL<\/li><li>KEDS\u00a0<\/li><\/ul><\/div><\/div>\t\t\t\t\t\t\t\t<\/div>\n\t\t\t\t<\/div>\n\t\t\t\t<\/div>\n\t\t<div class=\"elementor-element elementor-element-79e6075 e-con-full e-flex e-con e-child\" data-id=\"79e6075\" data-element_type=\"container\">\n\t\t\t\t<div class=\"elementor-element elementor-element-5d0f9a8 elementor-widget elementor-widget-text-editor\" data-id=\"5d0f9a8\" data-element_type=\"widget\" data-widget_type=\"text-editor.default\">\n\t\t\t\t<div class=\"elementor-widget-container\">\n\t\t\t\t\t\t\t\t\t<div class=\"item\"><div class=\"item\"><div><div class=\"item\"><h2 id=\"M\">L<\/h2><ul><li>LOWA<\/li><\/ul><\/div><\/div><div>\u00a0<\/div><div><div class=\"item\"><h2 id=\"O\">M<\/h2><ul><li class=\"elenco notranslate numberO\">MERRELL<\/li><\/ul><\/div><\/div><div>\u00a0<\/div><div><div class=\"item\"><h2 id=\"P\">N<\/h2><ul><li class=\"elenco notranslate numberP\">NEW BALANCE<\/li><li>NEW ERA<\/li><\/ul><\/div><\/div><div>\u00a0<\/div><div><div class=\"item\"><h2 id=\"R\">O<\/h2><ul><li class=\"elenco notranslate numberR\">EA7<\/li><\/ul><\/div><\/div><div>\u00a0<\/div><div><div class=\"item\"><h2 id=\"T\">P<\/h2><ul><li>PONY<\/li><li class=\"elenco notranslate numberT\">PUMA<\/li><\/ul><\/div><\/div><div>\u00a0<\/div><div><h2 id=\"W\">S<\/h2><ul><li class=\"elenco notranslate numberW\">SAUCONY<\/li><li>SUPERFEET<\/li><\/ul><div>\u00a0<\/div><\/div><h2 id=\"W\">T<\/h2><ul><li>TEVA<\/li><li class=\"elenco notranslate numberW\">TIMBERLAND<\/li><\/ul><div>\u00a0<\/div><div class=\"item\"><h2 id=\"K\">U<\/h2><ul><li>ADIDAS<\/li><li>UGG<\/li><li class=\"elenco notranslate numberK\">ASICS<\/li><\/ul><\/div><\/div><\/div>\t\t\t\t\t\t\t\t<\/div>\n\t\t\t\t<\/div>\n\t\t\t\t<\/div>\n\t\t\t\t<\/div>\n\t\t\t\t<\/div>\n\t\t\t\t\t<\/div>\n\t\t\t\t<\/div>\n\t\t\t\t<\/div>\n\t\t","protected":false},"excerpt":{"rendered":"<p>TORNA ALLA HOME SERVIZI SPORTSWEAR Siamo lieti di essere il tuo partner ideale nella ricerca dei pi\u00f9 importanti marchi di [&hellip;]<\/p>\n","protected":false},"author":1,"featured_media":0,"parent":0,"menu_order":0,"comment_status":"closed","ping_status":"closed","template":"","meta":{"site-sidebar-layout":"no-sidebar","site-content-layout":"","ast-site-content-layout":"full-width-container","site-content-style":"default","site-sidebar-style":"default","ast-global-header-display":"","ast-banner-title-visibility":"","ast-main-header-display":"","ast-hfb-above-header-display":"","ast-hfb-below-header-display":"","ast-hfb-mobile-header-display":"","site-post-title":"disabled","ast-breadcrumbs-content":"","ast-featured-img":"disabled","footer-sml-layout":"","ast-disable-related-posts":"","theme-transparent-header-meta":"","adv-header-id-meta":"","stick-header-meta":"","header-above-stick-meta":"","header-main-stick-meta":"","header-below-stick-meta":"","astra-migrate-meta-layouts":"default","ast-page-background-enabled":"default","ast-page-background-meta":{"desktop":{"background-color":"var(--ast-global-color-4)","background-image":"","background-repeat":"repeat","background-position":"center center","background-size":"auto","background-attachment":"scroll","background-type":"","background-media":"","overlay-type":"","overlay-color":"","overlay-opacity":"","overlay-gradient":""},"tablet":{"background-color":"","background-image":"","background-repeat":"repeat","background-position":"center center","background-size":"auto","background-attachment":"scroll","background-type":"","background-media":"","overlay-type":"","overlay-color":"","overlay-opacity":"","overlay-gradient":""},"mobile":{"background-color":"","background-image":"","background-repeat":"repeat","background-position":"center center","background-size":"auto","background-attachment":"scroll","background-type":"","background-media":"","overlay-type":"","overlay-color":"","overlay-opacity":"","overlay-gradient":""}},"ast-content-background-meta":{"desktop":{"background-color":"var(--ast-global-color-5)","background-image":"","background-repeat":"repeat","background-position":"center center","background-size":"auto","background-attachment":"scroll","background-type":"","background-media":"","overlay-type":"","overlay-color":"","overlay-opacity":"","overlay-gradient":""},"tablet":{"background-color":"var(--ast-global-color-5)","background-image":"","background-repeat":"repeat","background-position":"center center","background-size":"auto","background-attachment":"scroll","background-type":"","background-media":"","overlay-type":"","overlay-color":"","overlay-opacity":"","overlay-gradient":""},"mobile":{"background-color":"var(--ast-global-color-5)","background-image":"","background-repeat":"repeat","background-position":"center center","background-size":"auto","background-attachment":"scroll","background-type":"","background-media":"","overlay-type":"","overlay-color":"","overlay-opacity":"","overlay-gradient":""}},"footnotes":""},"class_list":["post-664","page","type-page","status-publish","hentry"],"_links":{"self":[{"href":"https:\/\/italyfashiontrade.it\/it\/wp-json\/wp\/v2\/pages\/664","targetHints":{"allow":["GET"]}}],"collection":[{"href":"https:\/\/italyfashiontrade.it\/it\/wp-json\/wp\/v2\/pages"}],"about":[{"href":"https:\/\/italyfashiontrade.it\/it\/wp-json\/wp\/v2\/types\/page"}],"author":[{"embeddable":true,"href":"https:\/\/italyfashiontrade.it\/it\/wp-json\/wp\/v2\/users\/1"}],"replies":[{"embeddable":true,"href":"https:\/\/italyfashiontrade.it\/it\/wp-json\/wp\/v2\/comments?post=664"}],"version-history":[{"count":25,"href":"https:\/\/italyfashiontrade.it\/it\/wp-json\/wp\/v2\/pages\/664\/revisions"}],"predecessor-version":[{"id":1958,"href":"https:\/\/italyfashiontrade.it\/it\/wp-json\/wp\/v2\/pages\/664\/revisions\/1958"}],"wp:attachment":[{"href":"https:\/\/italyfashiontrade.it\/it\/wp-json\/wp\/v2\/media?parent=664"}],"curies":[{"name":"wp","href":"https:\/\/api.w.org\/{rel}","templated":true}]}}